{"id":12,"date":"2025-01-27T10:22:29","date_gmt":"2025-01-27T10:22:29","guid":{"rendered":"https:\/\/bayrampasaescortatings.com\/?page_id=12"},"modified":"2025-06-18T12:06:06","modified_gmt":"2025-06-18T12:06:06","slug":"bayrampasa-escort-istanbul-bayrampasa-escort-bayan","status":"publish","type":"page","link":"https:\/\/bayrampasaescortatings.com\/","title":{"rendered":"Bayrampa\u015fa Escort &#8211; istanbul Bayrampasa Escort Bayan"},"content":{"rendered":"<p><a href=\"https:\/\/bayrampasaescortatings.com\/\">Bayrampa\u015fa Escort<\/a> Kad\u0131n G\u00f6\u00e7men G\u00fczeli Derya: Zarafetin ve Tutkunun Ad\u0131<\/p>\n<p>Merhabalar beyler, ben Derya. G\u00f6\u00e7men g\u00fczeli bir k\u0131z olarak, Bayrampa\u015fa escort kad\u0131n se\u00e7enekleri aras\u0131nda par\u0131ldayan bir y\u0131ld\u0131z\u0131m.<\/p>\n<p>21 ya\u015f\u0131nda, 169 boyunda, 50 kiloda bir bayan\u0131m ve seksi hatlara sahip olman\u0131n gururunu ta\u015f\u0131yorum.<\/p>\n<p>Fit v\u00fccudum, beyaz tenim, iri g\u00f6\u011f\u00fcslerim, sar\u0131 sa\u00e7lar\u0131m ve mavi g\u00f6zlerimle siz de\u011ferli beyefendilere Bayrampa\u015fa\u2019da unutulmaz anlar ya\u015fat\u0131yorum.<\/p>\n<p>Bir \u00e7o\u011funuzdan duydu\u011fum kadar\u0131yla; escort bayanlar aras\u0131nda benim gibi kendine g\u00fcvenen, seksi ve tutkulu bir k\u0131z bulmak olduk\u00e7a zor.<\/p>\n<p>Ancak ben size bu deneyimi sunmaktan keyif al\u0131r\u0131m. Kendime has tarz\u0131m, n\u00fcansl\u0131 g\u00fczelli\u011fim ve tabii ki g\u00f6z al\u0131c\u0131 v\u00fccut hatlar\u0131m sayesinde di\u011fer Bayrampa\u015fa escortlar\u0131ndan ayr\u0131l\u0131yorum.<\/p>\n<p>Hem VIP bir bayan olarak kalite standartlar\u0131n\u0131z\u0131 y\u00fckseltecek, hem de \u00f6\u011frenci enerjim ve gen\u00e7li\u011fimle sizi tatmin edece\u011fim.<\/p>\n<p>Ama bir durun, daha detaylara girmeden \u00f6nce size bir s\u0131r vereyim: Ben grup severim.<\/p>\n<p>Yani e\u011fer siz de grup fantezilerinize renk katmak isterseniz, bir telefon kadar uza\u011f\u0131n\u0131zday\u0131m.<\/p>\n<p>\u00dcstelik sadece yaln\u0131z de\u011fil, kendisi gibi seksi ve ate\u015fli bir arkada\u015f\u0131mla birlikte gelerek sizinle tan\u0131\u015fabilirim.<\/p>\n<p>Buna g\u00f6re, benimle ge\u00e7irece\u011finiz bir seans\u0131n size hazz\u0131n doruklar\u0131na \u00e7\u0131karma garantisi oldu\u011funu s\u00f6yleyebilirim.<\/p>\n<p>Benimle olan beylerin hepsi, unutulmaz deneyimlerinden dolay\u0131 bir sonraki randevular\u0131n\u0131 sab\u0131rs\u0131zl\u0131kla beklerler.<\/p>\n<h2>Bayrampa\u015fa Escort Hizmetleri<\/h2>\n<p>\u00c7\u00fcnk\u00fc onlar benim sadece fiziksel \u00f6zelliklerimin \u00f6tesinde, yatakta g\u00f6sterdi\u011fim performans\u0131, ili\u015fkiye katt\u0131\u011f\u0131m tutkuyu ve partnerime ya\u015fatt\u0131\u011f\u0131m mutlulu\u011fu bilirler.<\/p>\n<p>Baz\u0131 durumlarda, siz de\u011ferli beylerin evlerine de gelerek bu hizmeti sunuyorum, ne var ki \u00f6ncelikli tercihim kendi evim ve civardaki otellere gelmektir.<\/p>\n<p>Hem sizin, hem de benim rahat ve g\u00fcvende hissetmemiz i\u00e7in bu \u00f6nemlidir.<\/p>\n<p>Beni aramadan \u00f6nce bilmelisiniz ki, ben <strong><a href=\"https:\/\/maps.app.goo.gl\/5Z9HcNZ6egRd871KA\">Bayrampa\u015fa<\/a><\/strong>&#8216;da sadece bir escort kad\u0131n de\u011fil, ayr\u0131ca sizin tutkuyla dolu an\u0131lar\u0131n\u0131z\u0131n ba\u015f kahraman\u0131 olmay\u0131 bekleyen bir kad\u0131n\u0131m.<\/p>\n<p>Escort i\u015fini, sadece bir i\u015ften \u00e7ok, bir ya\u015fam tarz\u0131 olarak benimseyen bir bayan olarak, size her t\u00fcrl\u00fc hizmeti y\u00fcksek enerji ve istekle sunaca\u011f\u0131ma dair size s\u00f6z veriyorum.<\/p>\n<p>Derya ile unutulmaz bir deneyime ne dersiniz? Bence beklemeyin, ama l\u00fctfen unutmay\u0131n; randevular\u0131m\u0131 \u00f6nceden almay\u0131 tercih ederim.<\/p>\n<p>O halde hemen telefonunuzu elinize al\u0131n ve hayallerinizdeki kad\u0131nla bir an \u00f6nce tan\u0131\u015fma f\u0131rsat\u0131n\u0131 ka\u00e7\u0131rmay\u0131n.<\/p>\n<p>\u00dcstelik size hayat\u0131n\u0131z boyunca unutamayaca\u011f\u0131n\u0131z bir deneyim vaat ediyorum. \u0130\u015fte bu noktada bana g\u00fcvenin ve aray\u0131n.Fark\u0131 siz de ya\u015fay\u0131n ve anlay\u0131n&#8230;<\/p>\n","protected":false},"excerpt":{"rendered":"<p>Bayrampa\u015fa Escort Kad\u0131n G\u00f6\u00e7men G\u00fczeli Derya: Zarafetin ve Tutkunun Ad\u0131 Merhabalar beyler, ben Derya. G\u00f6\u00e7men g\u00fczeli bir k\u0131z olarak, Bayrampa\u015fa<\/p>\n","protected":false},"author":1,"featured_media":14,"parent":0,"menu_order":0,"comment_status":"closed","ping_status":"closed","template":"","meta":{"footnotes":""},"class_list":["post-12","page","type-page","status-publish","has-post-thumbnail","hentry","comments-off"],"aioseo_notices":[],"_links":{"self":[{"href":"https:\/\/bayrampasaescortatings.com\/index.php?rest_route=\/wp\/v2\/pages\/12","targetHints":{"allow":["GET"]}}],"collection":[{"href":"https:\/\/bayrampasaescortatings.com\/index.php?rest_route=\/wp\/v2\/pages"}],"about":[{"href":"https:\/\/bayrampasaescortatings.com\/index.php?rest_route=\/wp\/v2\/types\/page"}],"author":[{"embeddable":true,"href":"https:\/\/bayrampasaescortatings.com\/index.php?rest_route=\/wp\/v2\/users\/1"}],"replies":[{"embeddable":true,"href":"https:\/\/bayrampasaescortatings.com\/index.php?rest_route=%2Fwp%2Fv2%2Fcomments&post=12"}],"version-history":[{"count":3,"href":"https:\/\/bayrampasaescortatings.com\/index.php?rest_route=\/wp\/v2\/pages\/12\/revisions"}],"predecessor-version":[{"id":19,"href":"https:\/\/bayrampasaescortatings.com\/index.php?rest_route=\/wp\/v2\/pages\/12\/revisions\/19"}],"wp:featuredmedia":[{"embeddable":true,"href":"https:\/\/bayrampasaescortatings.com\/index.php?rest_route=\/wp\/v2\/media\/14"}],"wp:attachment":[{"href":"https:\/\/bayrampasaescortatings.com\/index.php?rest_route=%2Fwp%2Fv2%2Fmedia&parent=12"}],"curies":[{"name":"wp","href":"https:\/\/api.w.org\/{rel}","templated":true}]}}